{"id":61,"date":"2022-10-12T22:19:56","date_gmt":"2022-10-12T20:19:56","guid":{"rendered":"http:\/\/emosovo.psoni.org.pl\/?page_id=61"},"modified":"2022-10-12T22:19:57","modified_gmt":"2022-10-12T20:19:57","slug":"el-proyecto-emosovo","status":"publish","type":"page","link":"https:\/\/emosovo.psoni.org.pl\/index.php\/es\/el-proyecto-emosovo\/","title":{"rendered":"El proyecto EmoSovo"},"content":{"rendered":"\n<p>El proyecto EmoSovo est\u00e1 financiado por el Programa Erasmus + Acci\u00f3n 2: Asociaci\u00f3n para la Cooperaci\u00f3n.<\/p>\n\n\n\n<p>Los beneficiarios del proyecto Erasmus + Uni\u00f3n Europea son de la actividad servicios. Hay dos organizaciones del sector servicios en este proyecto, como es el Grupo de la Fundaci\u00f3n San Cebri\u00e1n de Espa\u00f1a junto con la entidad polaca &#8211; PSONI.<\/p>\n\n\n\n<p>El proyecto se desarrolla entre Emoci\u00f3nate Radio, la emisora de radio inclusiva de la Fundaci\u00f3n San Cebri\u00e1n y Radio SOVO, la emisora de radio inclusiva de la entidad polaca PSONI.<\/p>\n\n\n\n<p>El Proyecto se llama EmoSovo y est\u00e1 formado por la superposici\u00f3n de los nombres de Emoci\u00f3nate Radio \u2013 una emisora inclusiva de la entidad de Espa\u00f1a- y Radio SOVO &#8211; una emisora &nbsp;inclusiva de la entidad polaca. El proyecto consiste en iniciar una radio inclusiva entre el Grupo Fundaci\u00f3n San Cebri\u00e1n y PSONI, con el objetivo de mejorar las competencias y habilidades digitales de las personas con discapacidad intelectual que forman parte de dos emisoras de radio. Adem\u00e1s, el proyecto busca el intercambio cultural entre los dos pa\u00edses y el fortalecimiento de la motivaci\u00f3n para adquirir conocimientos sobre temas relacionados con la radio y la cultura.<\/p>\n\n\n\n<p>El proyecto tiene una duraci\u00f3n de casi un a\u00f1o y tiene varias actividades, entre ellas:<\/p>\n\n\n\n<ul class=\"wp-block-list\"><li>emisiones en l\u00ednea con el tema principal de la Semana Santa.<\/li><li>reuniones en vivo y en l\u00ednea para discutir la implementaci\u00f3n \u00a0y desarrollo del proyecto.<\/li><li>encuentros en Varsovia y Palencia de dos grupos de periodistas, con el objetivo de conocer la radio en cada ciudad y conocer la cultura del pa\u00eds socio.<\/li><li>difundir la idea de la radio inclusiva en el entorno de los profesionales que trabajan con personas con discapacidad intelectual.<\/li><\/ul>\n","protected":false},"excerpt":{"rendered":"<p>El proyecto EmoSovo est\u00e1 financiado por el Programa Erasmus + Acci\u00f3n 2: Asociaci\u00f3n para la Cooperaci\u00f3n. Los beneficiarios del proyecto Erasmus + Uni\u00f3n Europea son de la actividad servicios. Hay dos organizaciones del sector servicios en este proyecto, como es el Grupo de la Fundaci\u00f3n San Cebri\u00e1n de Espa\u00f1a junto con la entidad polaca &#8211; PSONI. El proyecto se desarrolla entre Emoci\u00f3nate Radio, la emisora de radio inclusiva de la Fundaci\u00f3n San Cebri\u00e1n y Radio SOVO, la emisora de radio inclusiva de la entidad polaca PSONI. El Proyecto se llama EmoSovo y est\u00e1 formado por la superposici\u00f3n de los nombres de Emoci\u00f3nate Radio \u2013 una emisora inclusiva de la entidad de Espa\u00f1a- y Radio SOVO &#8211; una emisora &nbsp;inclusiva de la entidad polaca. El proyecto consiste en iniciar una radio inclusiva entre el Grupo Fundaci\u00f3n San Cebri\u00e1n y PSONI, con el objetivo de mejorar las competencias y habilidades digitales de las personas con discapacidad intelectual que forman parte de dos emisoras de radio. Adem\u00e1s, el proyecto busca el intercambio cultural entre los dos pa\u00edses y el fortalecimiento de la motivaci\u00f3n para adquirir conocimientos sobre temas relacionados con la radio y la cultura. El proyecto tiene una duraci\u00f3n de casi un a\u00f1o y tiene varias actividades, entre ellas: emisiones en l\u00ednea con el tema principal de la Semana Santa. reuniones en vivo y en l\u00ednea para discutir la implementaci\u00f3n \u00a0y desarrollo del proyecto. encuentros en Varsovia y Palencia de dos grupos de periodistas, con el objetivo de conocer la radio en cada ciudad y conocer la cultura del pa\u00eds socio. difundir la idea de la radio inclusiva en el entorno de los profesionales que trabajan con personas con discapacidad intelectual.<\/p>\n","protected":false},"author":1,"featured_media":0,"parent":0,"menu_order":0,"comment_status":"closed","ping_status":"closed","template":"","meta":{"footnotes":""},"class_list":["post-61","page","type-page","status-publish","hentry"],"_links":{"self":[{"href":"https:\/\/emosovo.psoni.org.pl\/index.php\/wp-json\/wp\/v2\/pages\/61","targetHints":{"allow":["GET"]}}],"collection":[{"href":"https:\/\/emosovo.psoni.org.pl\/index.php\/wp-json\/wp\/v2\/pages"}],"about":[{"href":"https:\/\/emosovo.psoni.org.pl\/index.php\/wp-json\/wp\/v2\/types\/page"}],"author":[{"embeddable":true,"href":"https:\/\/emosovo.psoni.org.pl\/index.php\/wp-json\/wp\/v2\/users\/1"}],"replies":[{"embeddable":true,"href":"https:\/\/emosovo.psoni.org.pl\/index.php\/wp-json\/wp\/v2\/comments?post=61"}],"version-history":[{"count":1,"href":"https:\/\/emosovo.psoni.org.pl\/index.php\/wp-json\/wp\/v2\/pages\/61\/revisions"}],"predecessor-version":[{"id":62,"href":"https:\/\/emosovo.psoni.org.pl\/index.php\/wp-json\/wp\/v2\/pages\/61\/revisions\/62"}],"wp:attachment":[{"href":"https:\/\/emosovo.psoni.org.pl\/index.php\/wp-json\/wp\/v2\/media?parent=61"}],"curies":[{"name":"wp","href":"https:\/\/api.w.org\/{rel}","templated":true}]}}