{"id":47,"date":"2022-10-10T22:33:46","date_gmt":"2022-10-10T20:33:46","guid":{"rendered":"http:\/\/emosovo.psoni.org.pl\/?page_id=47"},"modified":"2023-12-11T09:21:50","modified_gmt":"2023-12-11T08:21:50","slug":"about-the-project","status":"publish","type":"page","link":"https:\/\/emosovo.psoni.org.pl\/","title":{"rendered":"About the project"},"content":{"rendered":"\n<p>The EmoSovo project is funded by the Erasmus + Program, Action 2: Partnership for Cooperation.<\/p>\n\n\n\n<p>The beneficiaries of the Erasmus + European Union project is service sector. There are two organisations from service sector in this project the San Cebri\u00e1n Foundation Group from Spain together with the Polish entity &#8211; PSONI.<\/p>\n\n\n\n<p>The project is developed between Emoci\u00f3nate Radio, the inclusive radio station of Spanish Fundaci\u00f3n San Cebri\u00e1n, and Radio SoVo, the inclusive radio station of the Polish entity PSONI.<\/p>\n\n\n\n<p>It is called the EmoSovo Project, formed by overlapping the names of Emocionate Radio &#8211; a Spanish station and Radio SoVo &#8211; a station of the Polish entity. It consists of starting an inclusive radio between the San Cebri\u00e1n Foundation Group and PSONI&nbsp; with the aim of improving the digital skills and competencies of people with intellectual disabilities who are part of two radio stations. In addition, the project seeks cultural exchange between the two countries and the strengthening of motivation to gain knowledge on issues related to radio and culture.<\/p>\n\n\n\n<p>The project lasts almost one year and has several activities, including:<\/p>\n\n\n\n<ul class=\"wp-block-list\">\n<li>online broadcasts with the theme of Easter.<\/li>\n\n\n\n<li>live and online meetings to discuss project implementation.<\/li>\n\n\n\n<li>meetings in Warsaw and Palencia of two groups of journalists, aimed at getting to know the radio in each city and learning about the culture of the partner country.<\/li>\n\n\n\n<li>disseminating the idea of inclusive \u200b\u200bradio in the environment of professionals working with people with intellectual disability.<\/li>\n<\/ul>\n\n\n\n<figure class=\"wp-block-image size-full\"><img loading=\"lazy\" decoding=\"async\" width=\"1024\" height=\"228\" src=\"https:\/\/emosovo.psoni.org.pl\/wp-content\/uploads\/2023\/12\/logo-entidades-ue.png\" alt=\"\" class=\"wp-image-213\" srcset=\"https:\/\/emosovo.psoni.org.pl\/wp-content\/uploads\/2023\/12\/logo-entidades-ue.png 1024w, https:\/\/emosovo.psoni.org.pl\/wp-content\/uploads\/2023\/12\/logo-entidades-ue-300x67.png 300w, https:\/\/emosovo.psoni.org.pl\/wp-content\/uploads\/2023\/12\/logo-entidades-ue-768x171.png 768w\" sizes=\"auto, (max-width: 1024px) 100vw, 1024px\" \/><\/figure>\n\n\n\n<p><em>The publication was carried out with the financial support of the European Commission. The publication reflects only the views of its authors (PSONI y Fundaci\u00f3n San Cebri\u00e1n) and the European Commission and the National Agency of the Erasmus+ Programme are not responsible for its content. FREE PUBLICATION<\/em><\/p>\n","protected":false},"excerpt":{"rendered":"<p>The EmoSovo project is funded by the Erasmus + Program, Action 2: Partnership for Cooperation. The beneficiaries of the Erasmus + European Union project is service sector. There are two organisations from service sector in this project the San Cebri\u00e1n Foundation Group from Spain together with the Polish entity &#8211; PSONI. The project is developed between Emoci\u00f3nate Radio, the inclusive radio station of Spanish Fundaci\u00f3n San Cebri\u00e1n, and Radio SoVo, the inclusive radio station of the Polish entity PSONI. It is called the EmoSovo Project, formed by overlapping the names of Emocionate Radio &#8211; a Spanish station and Radio SoVo &#8211; a station of the Polish entity. It consists of starting an inclusive radio between the San Cebri\u00e1n Foundation Group and PSONI&nbsp; with the aim of improving the digital skills and competencies of people with intellectual disabilities who are part of two radio stations. In addition, the project seeks cultural exchange between the two countries and the strengthening of motivation to gain knowledge on issues related to radio and culture. The project lasts almost one year and has several activities, including: The publication was carried out with the financial support of the European Commission. The publication reflects only the views of its authors (PSONI y Fundaci\u00f3n San Cebri\u00e1n) and the European Commission and the National Agency of the Erasmus+ Programme are not responsible for its content. FREE PUBLICATION<\/p>\n","protected":false},"author":1,"featured_media":0,"parent":0,"menu_order":0,"comment_status":"closed","ping_status":"closed","template":"","meta":{"footnotes":""},"class_list":["post-47","page","type-page","status-publish","hentry"],"_links":{"self":[{"href":"https:\/\/emosovo.psoni.org.pl\/index.php\/wp-json\/wp\/v2\/pages\/47","targetHints":{"allow":["GET"]}}],"collection":[{"href":"https:\/\/emosovo.psoni.org.pl\/index.php\/wp-json\/wp\/v2\/pages"}],"about":[{"href":"https:\/\/emosovo.psoni.org.pl\/index.php\/wp-json\/wp\/v2\/types\/page"}],"author":[{"embeddable":true,"href":"https:\/\/emosovo.psoni.org.pl\/index.php\/wp-json\/wp\/v2\/users\/1"}],"replies":[{"embeddable":true,"href":"https:\/\/emosovo.psoni.org.pl\/index.php\/wp-json\/wp\/v2\/comments?post=47"}],"version-history":[{"count":5,"href":"https:\/\/emosovo.psoni.org.pl\/index.php\/wp-json\/wp\/v2\/pages\/47\/revisions"}],"predecessor-version":[{"id":214,"href":"https:\/\/emosovo.psoni.org.pl\/index.php\/wp-json\/wp\/v2\/pages\/47\/revisions\/214"}],"wp:attachment":[{"href":"https:\/\/emosovo.psoni.org.pl\/index.php\/wp-json\/wp\/v2\/media?parent=47"}],"curies":[{"name":"wp","href":"https:\/\/api.w.org\/{rel}","templated":true}]}}