{"id":43,"date":"2022-10-10T22:32:10","date_gmt":"2022-10-10T20:32:10","guid":{"rendered":"http:\/\/emosovo.psoni.org.pl\/?page_id=43"},"modified":"2022-10-12T22:12:00","modified_gmt":"2022-10-12T20:12:00","slug":"o-projekcie","status":"publish","type":"page","link":"https:\/\/emosovo.psoni.org.pl\/index.php\/pl\/o-projekcie\/","title":{"rendered":"O projekcie"},"content":{"rendered":"\n<p>Projekt EmoSovo finansowany jest z programu Erasmus+, Akcja 2: Partnerstwo na rzecz wsp\u00f3\u0142pracy.<\/p>\n\n\n\n<p>Beneficjentami projektu Unii Europejskiej Erasmus+ s\u0105 organizacje trzeciego sektora: podmiot hiszpa\u0144ski Grupa Fundacji San Cebri\u00e1n wraz z podmiotem z Polski &#8211; PSONI.<\/p>\n\n\n\n<p>Projekt&nbsp; realizowany jest przez Emoci\u00f3nate Radio, w\u0142\u0105czaj\u0105c\u0105 stacj\u0119 radiow\u0105 hiszpa\u0144skiej organizacji Fundaci\u00f3n San Cebri\u00e1n oraz Radio SoVo, w\u0142\u0105czaj\u0105c\u0105 stacj\u0119 radiow\u0105 Polskiego Stowarzyszenia na rzecz Os\u00f3b z Niepe\u0142nosprawno\u015bci\u0105 Intelektualn\u0105.<\/p>\n\n\n\n<p>Nazywa Projektu EmoSovo utworzona zosta\u0142a z po\u0142\u0105czenia nazw Emoci\u00f3nate Radio &nbsp;&#8211; stacji hiszpa\u0144skiej &nbsp;i Radia SoVo, stacji polskiego podmiotu. Polega on na wsp\u00f3lnym tworzeniu audycji radiowych przez dziennikarzy radiowych Fundacji San Cebri\u00e1n i PSONI. Celem Projektu jest nabycie i rozw\u00f3j kompetencji cyfrowych os\u00f3b z niepe\u0142nosprawno\u015bci\u0105 intelektualn\u0105.<\/p>\n\n\n\n<p>Ponadto projekt ma na celu wymian\u0119 kulturaln\u0105 mi\u0119dzy dwoma krajami i wzmocnienie motywacji do zdobywania wiedzy na tematy zwi\u0105zane z radiem i kultur\u0105 partnerskiego kraju.<\/p>\n\n\n\n<p>Projekt trwa prawie rok i obejmuje kilka dzia\u0142a\u0144, w tym:<\/p>\n\n\n\n<ul class=\"wp-block-list\"><li>transmisj\u0119 internetow\u0105 audycji na \u00a0temat obchodzenia \u015awi\u0105t Wielkanocy w Polsce i Hiszpanii.<\/li><li>spotkania na \u017cywo i online, w celu om\u00f3wienia realizacji projektu.<\/li><li>spotkania w Warszawie i w Palencii dw\u00f3ch grup dziennikarzy, maj\u0105ce na celu poznanie radia w ka\u017cdym z miast oraz\u00a0 poznanie kultury partnerskiego kraju.<\/li><li>upowszechnianie idei Radia w\u0142\u0105czaj\u0105cego w \u015brodowisku profesjonalist\u00f3w pracuj\u0105cych z osobami z niepe\u0142nosprawno\u015bci\u0105 intelektualn\u0105.<\/li><\/ul>\n","protected":false},"excerpt":{"rendered":"<p>Projekt EmoSovo finansowany jest z programu Erasmus+, Akcja 2: Partnerstwo na rzecz wsp\u00f3\u0142pracy. Beneficjentami projektu Unii Europejskiej Erasmus+ s\u0105 organizacje trzeciego sektora: podmiot hiszpa\u0144ski Grupa Fundacji San Cebri\u00e1n wraz z podmiotem z Polski &#8211; PSONI. Projekt&nbsp; realizowany jest przez Emoci\u00f3nate Radio, w\u0142\u0105czaj\u0105c\u0105 stacj\u0119 radiow\u0105 hiszpa\u0144skiej organizacji Fundaci\u00f3n San Cebri\u00e1n oraz Radio SoVo, w\u0142\u0105czaj\u0105c\u0105 stacj\u0119 radiow\u0105 Polskiego Stowarzyszenia na rzecz Os\u00f3b z Niepe\u0142nosprawno\u015bci\u0105 Intelektualn\u0105. Nazywa Projektu EmoSovo utworzona zosta\u0142a z po\u0142\u0105czenia nazw Emoci\u00f3nate Radio &nbsp;&#8211; stacji hiszpa\u0144skiej &nbsp;i Radia SoVo, stacji polskiego podmiotu. Polega on na wsp\u00f3lnym tworzeniu audycji radiowych przez dziennikarzy radiowych Fundacji San Cebri\u00e1n i PSONI. Celem Projektu jest nabycie i rozw\u00f3j kompetencji cyfrowych os\u00f3b z niepe\u0142nosprawno\u015bci\u0105 intelektualn\u0105. Ponadto projekt ma na celu wymian\u0119 kulturaln\u0105 mi\u0119dzy dwoma krajami i wzmocnienie motywacji do zdobywania wiedzy na tematy zwi\u0105zane z radiem i kultur\u0105 partnerskiego kraju. Projekt trwa prawie rok i obejmuje kilka dzia\u0142a\u0144, w tym: transmisj\u0119 internetow\u0105 audycji na \u00a0temat obchodzenia \u015awi\u0105t Wielkanocy w Polsce i Hiszpanii. spotkania na \u017cywo i online, w celu om\u00f3wienia realizacji projektu. spotkania w Warszawie i w Palencii dw\u00f3ch grup dziennikarzy, maj\u0105ce na celu poznanie radia w ka\u017cdym z miast oraz\u00a0 poznanie kultury partnerskiego kraju. upowszechnianie idei Radia w\u0142\u0105czaj\u0105cego w \u015brodowisku profesjonalist\u00f3w pracuj\u0105cych z osobami z niepe\u0142nosprawno\u015bci\u0105 intelektualn\u0105.<\/p>\n","protected":false},"author":1,"featured_media":0,"parent":0,"menu_order":0,"comment_status":"closed","ping_status":"closed","template":"","meta":{"footnotes":""},"class_list":["post-43","page","type-page","status-publish","hentry"],"_links":{"self":[{"href":"https:\/\/emosovo.psoni.org.pl\/index.php\/wp-json\/wp\/v2\/pages\/43","targetHints":{"allow":["GET"]}}],"collection":[{"href":"https:\/\/emosovo.psoni.org.pl\/index.php\/wp-json\/wp\/v2\/pages"}],"about":[{"href":"https:\/\/emosovo.psoni.org.pl\/index.php\/wp-json\/wp\/v2\/types\/page"}],"author":[{"embeddable":true,"href":"https:\/\/emosovo.psoni.org.pl\/index.php\/wp-json\/wp\/v2\/users\/1"}],"replies":[{"embeddable":true,"href":"https:\/\/emosovo.psoni.org.pl\/index.php\/wp-json\/wp\/v2\/comments?post=43"}],"version-history":[{"count":3,"href":"https:\/\/emosovo.psoni.org.pl\/index.php\/wp-json\/wp\/v2\/pages\/43\/revisions"}],"predecessor-version":[{"id":56,"href":"https:\/\/emosovo.psoni.org.pl\/index.php\/wp-json\/wp\/v2\/pages\/43\/revisions\/56"}],"wp:attachment":[{"href":"https:\/\/emosovo.psoni.org.pl\/index.php\/wp-json\/wp\/v2\/media?parent=43"}],"curies":[{"name":"wp","href":"https:\/\/api.w.org\/{rel}","templated":true}]}}